{"id":306,"date":"2021-03-08T18:46:36","date_gmt":"2021-03-08T18:46:36","guid":{"rendered":"http:\/\/jansa-architekten.de\/?page_id=306"},"modified":"2024-09-30T07:10:38","modified_gmt":"2024-09-30T07:10:38","slug":"3d-druck","status":"publish","type":"page","link":"https:\/\/jansa-architekten.de\/?page_id=306","title":{"rendered":"3D-Druck"},"content":{"rendered":"<div class=\"row\">\n<div class=\"col-8\">\n<div class=\"swiper swiper-container\" style=\"width: 100%; height: 700px\" data-loop=\"false\" data-autoplay=\"\" data-speed=\"400\"><div class=\"swiper-wrapper\">\n<div class=\"swiper-slide overlay overlay-none\" style=\"background-image: url(http:\/\/jansa-architekten.de\/wp-content\/uploads\/2021\/03\/DSCF3899.jpg)\"><h3><\/h3><\/div>\n<div class=\"swiper-slide overlay overlay-none\" style=\"background-image: url(http:\/\/jansa-architekten.de\/wp-content\/uploads\/2021\/03\/DSCF3901.jpg)\"><h3><\/h3><\/div>\n<div class=\"swiper-slide overlay overlay-none\" style=\"background-image: url(http:\/\/jansa-architekten.de\/wp-content\/uploads\/2021\/03\/DSCF3902.jpg)\"><h3><\/h3><\/div>\n<\/div><a class=\"nav-arrow nav-left\" href=\"#\"><\/a><a class=\"nav-arrow nav-right\" href=\"#\"><\/a><\/div>\n<\/div>\n<div class=\"col-4\">\n<h2><strong>SLS<\/strong><\/h2>\n<p>Zur besseren Vorstellung des Projektes fertigen wir nat\u00fcrlich auch Architekturmodelle im SLS &#8211; Rapid Prototyping Verfahren an. Durch die hohe Pr\u00e4zision&nbsp; erh\u00e4lt der Betrachter einen nachhaltigen Eindruck vom zuk\u00fcnftigen Geb\u00e4ude und vom r\u00e4umlichen und architektonischen Entwurf. Beim SLS-Verfahren erfolgt die Herstellung des 3D-Modells mit Hilfe eines Laserstrahls. Das Ausgangsmaterial liegt in feiner Pulverschicht, deren Partikel der Laser verschmilzt und so das Pulver Schicht f\u00fcr Schicht miteinander verbindet. Demnach werden \u00fcber das Selektive Lasersintern (SLS) r\u00e4umliche Strukturen aus einem pulverf\u00f6rmigen Ausgangsstoff hergestellt. Dabei ist die Verarbeitung von verschiedenen kunststoff\u00e4hnlichen Materialien m\u00f6glich. SLS verschmilzt selektiv Pulvermaterialien wie Nylon, Elastomere, Alumide oder Polyamide.<\/p>\n<\/div>\n<\/div>\n","protected":false},"excerpt":{"rendered":"","protected":false},"author":1,"featured_media":0,"parent":0,"menu_order":0,"comment_status":"closed","ping_status":"closed","template":"","meta":[],"_links":{"self":[{"href":"https:\/\/jansa-architekten.de\/index.php?rest_route=\/wp\/v2\/pages\/306"}],"collection":[{"href":"https:\/\/jansa-architekten.de\/index.php?rest_route=\/wp\/v2\/pages"}],"about":[{"href":"https:\/\/jansa-architekten.de\/index.php?rest_route=\/wp\/v2\/types\/page"}],"author":[{"embeddable":true,"href":"https:\/\/jansa-architekten.de\/index.php?rest_route=\/wp\/v2\/users\/1"}],"replies":[{"embeddable":true,"href":"https:\/\/jansa-architekten.de\/index.php?rest_route=%2Fwp%2Fv2%2Fcomments&post=306"}],"version-history":[{"count":23,"href":"https:\/\/jansa-architekten.de\/index.php?rest_route=\/wp\/v2\/pages\/306\/revisions"}],"predecessor-version":[{"id":350,"href":"https:\/\/jansa-architekten.de\/index.php?rest_route=\/wp\/v2\/pages\/306\/revisions\/350"}],"wp:attachment":[{"href":"https:\/\/jansa-architekten.de\/index.php?rest_route=%2Fwp%2Fv2%2Fmedia&parent=306"}],"curies":[{"name":"wp","href":"https:\/\/api.w.org\/{rel}","templated":true}]}}